{"id":916,"date":"2019-02-19T11:22:33","date_gmt":"2019-02-19T10:22:33","guid":{"rendered":"http:\/\/menlo.eliott-markus.digital\/mentions-legales\/"},"modified":"2019-09-05T13:58:20","modified_gmt":"2019-09-05T11:58:20","slug":"legal-notice","status":"publish","type":"page","link":"https:\/\/menloavocats.com\/en\/legal-notice\/","title":{"rendered":"Legal notice"},"content":{"rendered":"<p><strong><u>Mentions l\u00e9gales et protection des donn\u00e9es <\/u><\/strong><\/p>\n<p><strong>Ce site est \u00e9dit\u00e9 par :<\/strong><\/p>\n<p>MENLO AVOCATS<\/p>\n<p>Association d\u2019avocats \u00e0 responsabilit\u00e9 professionnelle individuelle,<\/p>\n<p>Ayant son si\u00e8ge social au 12 rue Margueritte, 75017 Paris, France,<\/p>\n<p>Immatricul\u00e9e au r\u00e9pertoire Sirene\u00a0sous le num\u00e9ro 840\u00a0296\u00a0065,<\/p>\n<p>Dont les cog\u00e9rants sont la SELARL\u00a0PMR AVOCATS repr\u00e9sent\u00e9e par Monsieur Hugues de Poncins, LA SELARL VRIES AVOCATS, repr\u00e9sent\u00e9e par Monsieur Geoffroy de Vries et la SELARL LANCELOT AVOCATS repr\u00e9sent\u00e9e par Monsieur Samuel Schmidt.<\/p>\n<p><strong>Les coordonn\u00e9es du cabinet (ci-apr\u00e8s \u00ab le Cabinet \u00bb) sont :<\/strong><\/p>\n<p>MENLO AVOCATS AARPI<\/p>\n<p>Avocats au Barreau de Paris<\/p>\n<p>12 rue Margueritte, 75017 Paris, France<\/p>\n<p>T\u00e9l. : +33 (0)1 53 89 90 90<\/p>\n<p>Email :\u00a0<a href=\"mailto:contact@menloavocats.com\">contact@menloavocats.com<\/a><\/p>\n<p><strong>Le directeur de la publication du Site est :<\/strong><\/p>\n<p>Monsieur Geoffroy de Vries<\/p>\n<p><strong>Le prestataire d\u2019h\u00e9bergement du site est :<\/strong><\/p>\n<p>ADYTEK,\u00a016 Rue de la Com\u00e8te, 75007 Paris,\u00a0T\u00e9l\u00e9phone :01 84 16 13 13<\/p>\n<p>RCS:<\/p>\n<p>T\u00e9l\u00e9phone :<\/p>\n<p>CONDITIONS D\u2019UTILISATION DU SITE<\/p>\n<p>En acc\u00e9dant et\/ou en utilisant le pr\u00e9sent Site internet accessible \u00e0 l\u2019adresse\u00a0<a href=\"http:\/\/menloavocats.com\">http:\/\/menloavocats.com<\/a>\u00a0(ci-apr\u00e8s le \u00ab\u00a0<strong>Site<\/strong> \u00bb), tout utilisateur accepte, tacitement et sans r\u00e9serve, les pr\u00e9sentes conditions d\u2019utilisation du Site.<\/p>\n<ol>\n<li><strong> Propri\u00e9t\u00e9 intellectuelle<\/strong><\/li>\n<\/ol>\n<p>1.1. Le Site et chacun des \u00e9l\u00e9ments qui le compose, et notamment les textes, articles, lettres d\u2019information, brochures, plans, nuage de mots-cl\u00e9s, images, illustrations, photographies, bases de donn\u00e9es, logiciels (ci-apr\u00e8s les \u00c9l\u00e9ments de propri\u00e9t\u00e9 intellectuelle) sont prot\u00e9g\u00e9s par le droit de la propri\u00e9t\u00e9 intellectuelle.<\/p>\n<p>1.2. La reproduction totale ou partielle des \u00c9l\u00e9ments de propri\u00e9t\u00e9 intellectuelle est interdite.<\/p>\n<p>1.3. L\u2019utilisateur n\u2019est autoris\u00e9 qu\u2019\u00e0 repr\u00e9senter les pages du Site sur son \u00e9cran et n\u2019est autoris\u00e9 \u00e0 reproduire les \u00c9l\u00e9ments de propri\u00e9t\u00e9 intellectuelle du Site qu\u2019\u00e0 titre temporaire aux seules fins de consultation du Site.<\/p>\n<p>1.4. L\u2019utilisateur n\u2019est autoris\u00e9 qu\u2019\u00e0 t\u00e9l\u00e9charger et reproduire de mani\u00e8re durable, sur tout support, les publications du Cabinet, et notamment les lettres d\u2019information, accessibles \u00e0 partir de la rubrique \u00ab publications \u00bb du Site, lorsque cette reproduction ou repr\u00e9sentation est faite \u00e0 des fins strictement personnelles, priv\u00e9es et non commerciales. L\u2019utilisateur s\u2019interdit de communiquer ces publications \u00e0 des tiers, y compris par courrier \u00e9lectronique et par mise \u00e0 disposition \u00e0 partir d\u2019un site internet ou d\u2019un serveur.<\/p>\n<p>1.5. L\u2019utilisateur est autoris\u00e9 \u00e0 faire des courtes citations du Site, sous r\u00e9serve que soit pr\u00e9cis\u00e9 de mani\u00e8re apparente : l\u2019origine du document (i.e. \u00ab extrait du site du Cabinet Menlo Avocats, Avocats au Barreau de Paris \u00bb) le titre du document cit\u00e9 ou de la page cit\u00e9e, le nom de l\u2019auteur s\u2019il est connu, la date du document si elle est connue.<\/p>\n<ol start=\"2\">\n<li><strong> Utilisation du Site<\/strong><\/li>\n<\/ol>\n<p>2.1. L\u2019ensemble des donn\u00e9es, informations et publications accessibles, repr\u00e9sent\u00e9es ou t\u00e9l\u00e9chargeables \u00e0 partir du Site n\u2019ont aucun caract\u00e8re exhaustif, sont communiqu\u00e9es \u00e0 titre purement informatif et ne peuvent en aucun cas \u00eatre consid\u00e9r\u00e9es comme constituant un avis juridique, un d\u00e9marchage, une sollicitation ou une offre de services juridiques.<\/p>\n<p>2.2. Le Cabinet ne pourra en aucun cas \u00eatre tenu responsable de tout dommage direct ou indirect r\u00e9sultant de l\u2019utilisation par tout utilisateur des donn\u00e9es, informations ou publications accessibles ou t\u00e9l\u00e9chargeable \u00e0 partir du Site.<\/p>\n<p>2.3. Le Cabinet ne pourra en aucun cas \u00eatre tenu responsable au titre du contenu accessible \u00e0 partir des liens hypertextes publi\u00e9s sur le Site ou des fichiers t\u00e9l\u00e9chargeables \u00e0 partir du Site ou des sites accessibles \u00e0 partir des liens hypertextes publi\u00e9s sur le Site.<\/p>\n<p>2.4. La cr\u00e9ation et la publication d\u2019un lien hypertexte vers l\u2019une des pages du Site sont autoris\u00e9es, sous r\u00e9serve de l\u2019accord pr\u00e9alable et expr\u00e8s du Cabinet.<\/p>\n<ol start=\"3\">\n<li><strong> Cookies<\/strong><\/li>\n<\/ol>\n<p>Un cookie est un fichier informatique qui ne permet pas d\u2019identifier directement la personne concern\u00e9e mais stocke sur son ordinateur et\/ou \u00e9quipement des informations relatives aux pages consult\u00e9es, aux dates et heures de la consultation, aux informations saisies et conserv\u00e9es pour \u00e9viter une saisie ult\u00e9rieure.<\/p>\n<p>La navigation sur le Site est susceptible d\u2019entra\u00eener l\u2019installation de cookies sur les \u00e9quipements de la personne concern\u00e9e.<\/p>\n<p>Les cookies ont pour finalit\u00e9 de\u00a0:<\/p>\n<p>\u2013 faciliter la visite du Site\u00a0;<\/p>\n<p>\u2013 avoir la possibilit\u00e9 de partager des contenus sur les r\u00e9seaux sociaux\u00a0;<\/p>\n<p>\u2013 permettre d\u2019\u00e9valuer l\u2019audience du Site.<\/p>\n<p>La personne concern\u00e9e peut s\u2019opposer \u00e0 l\u2019enregistrement de cookies en configurant son navigateur.<\/p>\n<p>Les donn\u00e9es relatives aux cookies des internautes sont conserv\u00e9es pour une dur\u00e9e de 13\u00a0mois \u00e0 compter de leur collecte.<\/p>\n<ol start=\"4\">\n<li><strong> Politique de protection des donn\u00e9es personnelles<\/strong><\/li>\n<\/ol>\n<p>Vous pouvez demander communication de la politique de protection des donn\u00e9es personnelles du Cabinet en adressant un email \u00e0 <a href=\"mailto:contact@menloavocats.com\">contact@menloavocats.com<\/a><\/p>\n<p>\u00a9 MENLO AVOCATS, 2019<\/p>\n","protected":false},"excerpt":{"rendered":"<p>Mentions l\u00e9gales et protection des donn\u00e9es Ce site est \u00e9dit\u00e9 par : MENLO AVOCATS Association d\u2019avocats \u00e0 responsabilit\u00e9 professionnelle individuelle, Ayant son si\u00e8ge social au 12 rue Margueritte, 75017 Paris, France, Immatricul\u00e9e au r\u00e9pertoire Sirene\u00a0sous le num\u00e9ro 840\u00a0296\u00a0065, Dont les cog\u00e9rants sont la SELARL\u00a0PMR AVOCATS repr\u00e9sent\u00e9e par Monsieur Hugues de Poncins, LA SELARL VRIES AVOCATS, [&hellip;]<\/p>\n","protected":false},"author":3,"featured_media":0,"parent":0,"menu_order":0,"comment_status":"closed","ping_status":"closed","template":"pages\/mentions.php","meta":{"_acf_changed":false,"footnotes":""},"yst_prominent_words":[],"class_list":["post-916","page","type-page","status-publish","hentry"],"acf":[],"_links":{"self":[{"href":"https:\/\/menloavocats.com\/en\/wp-json\/wp\/v2\/pages\/916","targetHints":{"allow":["GET"]}}],"collection":[{"href":"https:\/\/menloavocats.com\/en\/wp-json\/wp\/v2\/pages"}],"about":[{"href":"https:\/\/menloavocats.com\/en\/wp-json\/wp\/v2\/types\/page"}],"author":[{"embeddable":true,"href":"https:\/\/menloavocats.com\/en\/wp-json\/wp\/v2\/users\/3"}],"replies":[{"embeddable":true,"href":"https:\/\/menloavocats.com\/en\/wp-json\/wp\/v2\/comments?post=916"}],"version-history":[{"count":2,"href":"https:\/\/menloavocats.com\/en\/wp-json\/wp\/v2\/pages\/916\/revisions"}],"predecessor-version":[{"id":1625,"href":"https:\/\/menloavocats.com\/en\/wp-json\/wp\/v2\/pages\/916\/revisions\/1625"}],"wp:attachment":[{"href":"https:\/\/menloavocats.com\/en\/wp-json\/wp\/v2\/media?parent=916"}],"wp:term":[{"taxonomy":"yst_prominent_words","embeddable":true,"href":"https:\/\/menloavocats.com\/en\/wp-json\/wp\/v2\/yst_prominent_words?post=916"}],"curies":[{"name":"wp","href":"https:\/\/api.w.org\/{rel}","templated":true}]}}